{"id":1731,"date":"2021-12-10T15:29:19","date_gmt":"2021-12-10T13:29:19","guid":{"rendered":"https:\/\/sucs.paeria.cat\/web\/?page_id=1731"},"modified":"2023-06-08T13:35:14","modified_gmt":"2023-06-08T11:35:14","slug":"informacio-sobre-el-parc-i-les-piscines","status":"publish","type":"page","link":"https:\/\/sucs.paeria.cat\/web\/informacio-sobre-el-parc-i-les-piscines\/","title":{"rendered":"Informaci\u00f3 sobre el Parc i les Piscines"},"content":{"rendered":"\t\t<div data-elementor-type=\"wp-page\" data-elementor-id=\"1731\" class=\"elementor elementor-1731\">\n\t\t\t\t\t\t<section class=\"elementor-section elementor-top-section elementor-element elementor-element-d6a01e0 elementor-section-boxed elementor-section-height-default elementor-section-height-default\" data-id=\"d6a01e0\" data-element_type=\"section\" data-e-type=\"section\">\n\t\t\t\t\t\t<div class=\"elementor-container elementor-column-gap-default\">\n\t\t\t\t\t<div class=\"elementor-column elementor-col-100 elementor-top-column elementor-element elementor-element-8c3b6d6\" data-id=\"8c3b6d6\" data-element_type=\"column\" data-e-type=\"column\">\n\t\t\t<div class=\"elementor-widget-wrap elementor-element-populated\">\n\t\t\t\t\t\t<div class=\"elementor-element elementor-element-b40b85d elementor-widget elementor-widget-text-editor\" data-id=\"b40b85d\" data-element_type=\"widget\" data-e-type=\"widget\" data-widget_type=\"text-editor.default\">\n\t\t\t\t<div class=\"elementor-widget-container\">\n\t\t\t\t\t\t\t\t\t<p>El Parc Natural El Vilot disposa de 12 hect\u00e0rees amb plantaci\u00f3 de plantes arom\u00e0tiques, plantaci\u00f3 aut\u00f2ctona de roure i alzina, etc&#8230; properament s\u2019introduir\u00e0 l\u2019esquirol al parc.Tamb\u00e9 disposa d\u2019un \u00e0rea de jocs infantils, zona de barbacoes per dinar a l\u2019aire lliure i minigolf. A l\u2019estiu poden gaudir de les piscines, amb un tobogan i servei de bar.<\/p><p>El Parc, tamb\u00e9 compta amb unes interessants restes arqueol\u00f2giques, localitzades l\u2019any 1966, que formen part d\u2019un espl\u00e8ndid parc arqueol\u00f2gic que palesa l\u2019origen hist\u00f2ric del Vilot de Sucs. Aquestes restes s\u00f3n de 3 tipus: el Castell, l\u2019Esgl\u00e9sia i les Sitges.<\/p><p>El Vilot de Sucs, \u00e9s un indret de gran inter\u00e8s patrimonial, tant hist\u00f2ric com paisatg\u00edstic. La visita pot donar lloc a un coneixement dels pobles fills de la colonitzaci\u00f3 agr\u00e0ria de la postguerra.<\/p><p><strong>Situaci\u00f3<\/strong>: a 22 km de la ciutat de Lleida (20 minuts aproximandament)<\/p><p><strong>Connexi\u00f3<\/strong>: Autovia A-2 (direcci\u00f3 Osca)<\/p>\t\t\t\t\t\t\t\t<\/div>\n\t\t\t\t<\/div>\n\t\t\t\t\t<\/div>\n\t\t<\/div>\n\t\t\t\t\t<\/div>\n\t\t<\/section>\n\t\t\t\t<section class=\"elementor-section elementor-top-section elementor-element elementor-element-d3650a4 elementor-section-boxed elementor-section-height-default elementor-section-height-default\" data-id=\"d3650a4\" data-element_type=\"section\" data-e-type=\"section\">\n\t\t\t\t\t\t<div class=\"elementor-container elementor-column-gap-default\">\n\t\t\t\t\t<div class=\"elementor-column elementor-col-100 elementor-top-column elementor-element elementor-element-16aff3c\" data-id=\"16aff3c\" data-element_type=\"column\" data-e-type=\"column\">\n\t\t\t<div class=\"elementor-widget-wrap elementor-element-populated\">\n\t\t\t\t\t\t<div class=\"elementor-element elementor-element-618e671 elementor-widget elementor-widget-spacer\" data-id=\"618e671\" data-element_type=\"widget\" data-e-type=\"widget\" data-widget_type=\"spacer.default\">\n\t\t\t\t<div class=\"elementor-widget-container\">\n\t\t\t\t\t\t\t<div class=\"elementor-spacer\">\n\t\t\t<div class=\"elementor-spacer-inner\"><\/div>\n\t\t<\/div>\n\t\t\t\t\t\t<\/div>\n\t\t\t\t<\/div>\n\t\t\t\t\t<\/div>\n\t\t<\/div>\n\t\t\t\t\t<\/div>\n\t\t<\/section>\n\t\t\t\t<section class=\"elementor-section elementor-top-section elementor-element elementor-element-4a1aeaa elementor-section-boxed elementor-section-height-default elementor-section-height-default\" data-id=\"4a1aeaa\" data-element_type=\"section\" data-e-type=\"section\">\n\t\t\t\t\t\t<div class=\"elementor-container elementor-column-gap-default\">\n\t\t\t\t\t<div class=\"elementor-column elementor-col-100 elementor-top-column elementor-element elementor-element-dd54a68\" data-id=\"dd54a68\" data-element_type=\"column\" data-e-type=\"column\">\n\t\t\t<div class=\"elementor-widget-wrap elementor-element-populated\">\n\t\t\t\t\t\t<div class=\"elementor-element elementor-element-129f8f0 elementor-widget elementor-widget-heading\" data-id=\"129f8f0\" data-element_type=\"widget\" data-e-type=\"widget\" data-widget_type=\"heading.default\">\n\t\t\t\t<div class=\"elementor-widget-container\">\n\t\t\t\t\t<h2 class=\"elementor-heading-title elementor-size-default\">Temporada Piscines 2023<\/h2>\t\t\t\t<\/div>\n\t\t\t\t<\/div>\n\t\t\t\t<div class=\"elementor-element elementor-element-d093548 elementor-widget elementor-widget-text-editor\" data-id=\"d093548\" data-element_type=\"widget\" data-e-type=\"widget\" data-widget_type=\"text-editor.default\">\n\t\t\t\t<div class=\"elementor-widget-container\">\n\t\t\t\t\t\t\t\t\t<p><\/p>\n<p>Del dia 23 de juny i tots els caps de setmana fins el 04 de setembre, estar\u00e0 obert tot el dia, amb horari&nbsp; d&#8217;11:00 a 20:00 hores.&nbsp;<\/p>\n<p><\/p>\n<p><strong>Preus d&#8217;entrada a les piscines:<br><\/strong><\/p>\n<p><strong>Ordenan\u00e7a piscines Sucs;&nbsp;<\/strong><a href=\"https:\/\/bop.diputaciolleida.cat\/faces\/consultaF\/servlets\/donarEdicte\/?id=2022_113_4907\" style=\"font-family: var( --e-global-typography-text-font-family ), Sans-serif; font-weight: var( --e-global-typography-text-font-weight ); background-color: rgb(255, 255, 255);\">https:\/\/bop.diputaciolleida.cat\/faces\/consultaF\/servlets\/donarEdicte\/?id=2022_113_4907<\/a><\/p>\n<p>Per descomptes de col\u00b7lectius i m\u00e9s informaci\u00f3:<br><a href=\"mailto:ajuntament@sucs.cat\">ajuntament@sucs.cat<\/a><\/p><p><span style=\"color: var( --e-global-color-text ); font-family: var( --e-global-typography-text-font-family ), Sans-serif; font-weight: var( --e-global-typography-text-font-weight );\">T<\/span><span style=\"color: var( --e-global-color-text ); font-family: var( --e-global-typography-text-font-family ), Sans-serif;\"><b>e<\/b><\/span><span style=\"color: var( --e-global-color-text ); font-family: var( --e-global-typography-text-font-family ), Sans-serif;\"><b>l\u00e8fon : 973\/748195<\/b><\/span><\/p>\t\t\t\t\t\t\t\t<\/div>\n\t\t\t\t<\/div>\n\t\t\t\t\t<\/div>\n\t\t<\/div>\n\t\t\t\t\t<\/div>\n\t\t<\/section>\n\t\t\t\t<section class=\"elementor-section elementor-top-section elementor-element elementor-element-15ade0b elementor-section-boxed elementor-section-height-default elementor-section-height-default\" data-id=\"15ade0b\" data-element_type=\"section\" data-e-type=\"section\">\n\t\t\t\t\t\t<div class=\"elementor-container elementor-column-gap-default\">\n\t\t\t\t\t<div class=\"elementor-column elementor-col-100 elementor-top-column elementor-element elementor-element-0d50b80\" data-id=\"0d50b80\" data-element_type=\"column\" data-e-type=\"column\">\n\t\t\t<div class=\"elementor-widget-wrap elementor-element-populated\">\n\t\t\t\t\t\t<div class=\"elementor-element elementor-element-0284163 elementor-arrows-position-inside elementor-pagination-position-outside elementor-widget elementor-widget-image-carousel\" data-id=\"0284163\" data-element_type=\"widget\" data-e-type=\"widget\" data-settings=\"{&quot;navigation&quot;:&quot;both&quot;,&quot;autoplay&quot;:&quot;yes&quot;,&quot;pause_on_hover&quot;:&quot;yes&quot;,&quot;pause_on_interaction&quot;:&quot;yes&quot;,&quot;autoplay_speed&quot;:5000,&quot;infinite&quot;:&quot;yes&quot;,&quot;speed&quot;:500}\" data-widget_type=\"image-carousel.default\">\n\t\t\t\t<div class=\"elementor-widget-container\">\n\t\t\t\t\t\t\t<div class=\"elementor-image-carousel-wrapper swiper\" role=\"region\" aria-roledescription=\"carousel\" aria-label=\"Carrusel d&#039;imatges\" dir=\"ltr\">\n\t\t\t<div class=\"elementor-image-carousel swiper-wrapper\" aria-live=\"off\">\n\t\t\t\t\t\t\t\t<div class=\"swiper-slide\" role=\"group\" aria-roledescription=\"slide\" aria-label=\"1 de 4\"><figure class=\"swiper-slide-inner\"><img decoding=\"async\" class=\"swiper-slide-image\" src=\"https:\/\/sucs.paeria.cat\/web\/wp-content\/uploads\/2022\/02\/320db2f454ef3feda1ea96b6af517c23-150x150.jpg\" alt=\"Piscina esportiva de Sucs\" \/><\/figure><\/div><div class=\"swiper-slide\" role=\"group\" aria-roledescription=\"slide\" aria-label=\"2 de 4\"><figure class=\"swiper-slide-inner\"><img decoding=\"async\" class=\"swiper-slide-image\" src=\"https:\/\/sucs.paeria.cat\/web\/wp-content\/uploads\/2022\/02\/2382e91450ae4f2385ade737116bdd7a-150x150.jpg\" alt=\"Fotografia de piscina amb tobogan\" \/><\/figure><\/div><div class=\"swiper-slide\" role=\"group\" aria-roledescription=\"slide\" aria-label=\"3 de 4\"><figure class=\"swiper-slide-inner\"><img decoding=\"async\" class=\"swiper-slide-image\" src=\"https:\/\/sucs.paeria.cat\/web\/wp-content\/uploads\/2022\/02\/dd27e3b11305c6b16cf8070d925197b2-150x150.jpg\" alt=\"Fotografia del tobogan\" \/><\/figure><\/div><div class=\"swiper-slide\" role=\"group\" aria-roledescription=\"slide\" aria-label=\"4 de 4\"><figure class=\"swiper-slide-inner\"><img decoding=\"async\" class=\"swiper-slide-image\" src=\"https:\/\/sucs.paeria.cat\/web\/wp-content\/uploads\/2022\/02\/8ea6b6e549e570739898b7f99879463e-150x150.jpg\" alt=\"Fotografia de les piscines\" \/><\/figure><\/div>\t\t\t<\/div>\n\t\t\t\t\t\t\t\t\t\t\t\t<div class=\"elementor-swiper-button elementor-swiper-button-prev\" role=\"button\" tabindex=\"0\">\n\t\t\t\t\t\t<i aria-hidden=\"true\" class=\"eicon-chevron-left\"><\/i>\t\t\t\t\t<\/div>\n\t\t\t\t\t<div class=\"elementor-swiper-button elementor-swiper-button-next\" role=\"button\" tabindex=\"0\">\n\t\t\t\t\t\t<i aria-hidden=\"true\" class=\"eicon-chevron-right\"><\/i>\t\t\t\t\t<\/div>\n\t\t\t\t\n\t\t\t\t\t\t\t\t\t<div class=\"swiper-pagination\"><\/div>\n\t\t\t\t\t\t\t\t\t<\/div>\n\t\t\t\t\t\t<\/div>\n\t\t\t\t<\/div>\n\t\t\t\t\t<\/div>\n\t\t<\/div>\n\t\t\t\t\t<\/div>\n\t\t<\/section>\n\t\t\t\t<\/div>\n\t\t","protected":false},"excerpt":{"rendered":"<p>El Parc Natural El Vilot disposa de 12 hect\u00e0rees amb plantaci\u00f3 de plantes arom\u00e0tiques, plantaci\u00f3 aut\u00f2ctona de roure i alzina, etc&#8230; properament s\u2019introduir\u00e0 l\u2019esquirol al parc.Tamb\u00e9 disposa d\u2019un \u00e0rea de jocs infantils, zona de barbacoes per dinar a l\u2019aire lliure i minigolf. A l\u2019estiu poden gaudir de les piscines, amb un tobogan i servei de &#8230; <a title=\"Informaci\u00f3 sobre el Parc i les Piscines\" class=\"read-more\" href=\"https:\/\/sucs.paeria.cat\/web\/informacio-sobre-el-parc-i-les-piscines\/\" aria-label=\"M\u00e9s informaci\u00f3 sobre Informaci\u00f3 sobre el Parc i les Piscines\">Llegiu m\u00e9s<\/a><\/p>\n","protected":false},"author":7,"featured_media":0,"parent":0,"menu_order":0,"comment_status":"closed","ping_status":"closed","template":"","meta":{"_sitemap_exclude":false,"_sitemap_priority":"","_sitemap_frequency":"","footnotes":""},"class_list":["post-1731","page","type-page","status-publish"],"yoast_head":"<!-- This site is optimized with the Yoast SEO plugin v27.2 - https:\/\/yoast.com\/product\/yoast-seo-wordpress\/ -->\n<title>Informaci\u00f3 sobre el Parc i les Piscines - Entitat Municipal Descentralitzada de Sucs - La Paeria - Ajuntament de Lleida<\/title>\n<meta name=\"robots\" content=\"index, follow, max-snippet:-1, max-image-preview:large, max-video-preview:-1\" \/>\n<link rel=\"canonical\" href=\"https:\/\/sucs.paeria.cat\/web\/informacio-sobre-el-parc-i-les-piscines\/\" \/>\n<meta property=\"og:locale\" content=\"ca_ES\" \/>\n<meta property=\"og:type\" content=\"article\" \/>\n<meta property=\"og:title\" content=\"Informaci\u00f3 sobre el Parc i les Piscines - Entitat Municipal Descentralitzada de Sucs - La Paeria - Ajuntament de Lleida\" \/>\n<meta property=\"og:description\" content=\"El Parc Natural El Vilot disposa de 12 hect\u00e0rees amb plantaci\u00f3 de plantes arom\u00e0tiques, plantaci\u00f3 aut\u00f2ctona de roure i alzina, etc&#8230; properament s\u2019introduir\u00e0 l\u2019esquirol al parc.Tamb\u00e9 disposa d\u2019un \u00e0rea de jocs infantils, zona de barbacoes per dinar a l\u2019aire lliure i minigolf. A l\u2019estiu poden gaudir de les piscines, amb un tobogan i servei de ... Llegiu m\u00e9s\" \/>\n<meta property=\"og:url\" content=\"https:\/\/sucs.paeria.cat\/web\/informacio-sobre-el-parc-i-les-piscines\/\" \/>\n<meta property=\"og:site_name\" content=\"Entitat Municipal Descentralitzada de Sucs - La Paeria - Ajuntament de Lleida\" \/>\n<meta property=\"article:modified_time\" content=\"2023-06-08T11:35:14+00:00\" \/>\n<meta property=\"og:image\" content=\"https:\/\/sucs.paeria.cat\/web\/wp-content\/uploads\/2022\/02\/320db2f454ef3feda1ea96b6af517c23-150x150.jpg\" \/>\n<meta name=\"twitter:card\" content=\"summary_large_image\" \/>\n<meta name=\"twitter:label1\" content=\"Temps estimat de lectura\" \/>\n\t<meta name=\"twitter:data1\" content=\"4 minuts\" \/>\n<script type=\"application\/ld+json\" class=\"yoast-schema-graph\">{\"@context\":\"https:\/\/schema.org\",\"@graph\":[{\"@type\":\"WebPage\",\"@id\":\"https:\/\/sucs.paeria.cat\/web\/informacio-sobre-el-parc-i-les-piscines\/\",\"url\":\"https:\/\/sucs.paeria.cat\/web\/informacio-sobre-el-parc-i-les-piscines\/\",\"name\":\"Informaci\u00f3 sobre el Parc i les Piscines - Entitat Municipal Descentralitzada de Sucs - La Paeria - Ajuntament de Lleida\",\"isPartOf\":{\"@id\":\"https:\/\/sucs.paeria.cat\/web\/#website\"},\"primaryImageOfPage\":{\"@id\":\"https:\/\/sucs.paeria.cat\/web\/informacio-sobre-el-parc-i-les-piscines\/#primaryimage\"},\"image\":{\"@id\":\"https:\/\/sucs.paeria.cat\/web\/informacio-sobre-el-parc-i-les-piscines\/#primaryimage\"},\"thumbnailUrl\":\"https:\/\/sucs.paeria.cat\/web\/wp-content\/uploads\/2022\/02\/320db2f454ef3feda1ea96b6af517c23-150x150.jpg\",\"datePublished\":\"2021-12-10T13:29:19+00:00\",\"dateModified\":\"2023-06-08T11:35:14+00:00\",\"breadcrumb\":{\"@id\":\"https:\/\/sucs.paeria.cat\/web\/informacio-sobre-el-parc-i-les-piscines\/#breadcrumb\"},\"inLanguage\":\"ca\",\"potentialAction\":[{\"@type\":\"ReadAction\",\"target\":[\"https:\/\/sucs.paeria.cat\/web\/informacio-sobre-el-parc-i-les-piscines\/\"]}]},{\"@type\":\"ImageObject\",\"inLanguage\":\"ca\",\"@id\":\"https:\/\/sucs.paeria.cat\/web\/informacio-sobre-el-parc-i-les-piscines\/#primaryimage\",\"url\":\"https:\/\/sucs.paeria.cat\/web\/wp-content\/uploads\/2022\/02\/320db2f454ef3feda1ea96b6af517c23.jpg\",\"contentUrl\":\"https:\/\/sucs.paeria.cat\/web\/wp-content\/uploads\/2022\/02\/320db2f454ef3feda1ea96b6af517c23.jpg\",\"width\":480,\"height\":640,\"caption\":\"Piscina esportiva de Sucs\"},{\"@type\":\"BreadcrumbList\",\"@id\":\"https:\/\/sucs.paeria.cat\/web\/informacio-sobre-el-parc-i-les-piscines\/#breadcrumb\",\"itemListElement\":[{\"@type\":\"ListItem\",\"position\":1,\"name\":\"Inici\",\"item\":\"https:\/\/sucs.paeria.cat\/web\/\"},{\"@type\":\"ListItem\",\"position\":2,\"name\":\"Informaci\u00f3 sobre el Parc i les Piscines\"}]},{\"@type\":\"WebSite\",\"@id\":\"https:\/\/sucs.paeria.cat\/web\/#website\",\"url\":\"https:\/\/sucs.paeria.cat\/web\/\",\"name\":\"Entitat Municipal Descentralitzada de Sucs - La Paeria - Ajuntament de Lleida\",\"description\":\"Entitat Municipal Descentralitzada de Sucs\",\"publisher\":{\"@id\":\"https:\/\/sucs.paeria.cat\/web\/#organization\"},\"potentialAction\":[{\"@type\":\"SearchAction\",\"target\":{\"@type\":\"EntryPoint\",\"urlTemplate\":\"https:\/\/sucs.paeria.cat\/web\/?s={search_term_string}\"},\"query-input\":{\"@type\":\"PropertyValueSpecification\",\"valueRequired\":true,\"valueName\":\"search_term_string\"}}],\"inLanguage\":\"ca\"},{\"@type\":\"Organization\",\"@id\":\"https:\/\/sucs.paeria.cat\/web\/#organization\",\"name\":\"Ajuntament de Lleida\",\"url\":\"https:\/\/sucs.paeria.cat\/web\/\",\"logo\":{\"@type\":\"ImageObject\",\"inLanguage\":\"ca\",\"@id\":\"https:\/\/sucs.paeria.cat\/web\/#\/schema\/logo\/image\/\",\"url\":\"https:\/\/sucs.paeria.cat\/web\/wp-content\/uploads\/2021\/11\/cropped-capcalera-sucs_versio-escut-sucs.png\",\"contentUrl\":\"https:\/\/sucs.paeria.cat\/web\/wp-content\/uploads\/2021\/11\/cropped-capcalera-sucs_versio-escut-sucs.png\",\"width\":1100,\"height\":220,\"caption\":\"Ajuntament de Lleida\"},\"image\":{\"@id\":\"https:\/\/sucs.paeria.cat\/web\/#\/schema\/logo\/image\/\"}}]}<\/script>\n<!-- \/ Yoast SEO plugin. -->","yoast_head_json":{"title":"Informaci\u00f3 sobre el Parc i les Piscines - Entitat Municipal Descentralitzada de Sucs - La Paeria - Ajuntament de Lleida","robots":{"index":"index","follow":"follow","max-snippet":"max-snippet:-1","max-image-preview":"max-image-preview:large","max-video-preview":"max-video-preview:-1"},"canonical":"https:\/\/sucs.paeria.cat\/web\/informacio-sobre-el-parc-i-les-piscines\/","og_locale":"ca_ES","og_type":"article","og_title":"Informaci\u00f3 sobre el Parc i les Piscines - Entitat Municipal Descentralitzada de Sucs - La Paeria - Ajuntament de Lleida","og_description":"El Parc Natural El Vilot disposa de 12 hect\u00e0rees amb plantaci\u00f3 de plantes arom\u00e0tiques, plantaci\u00f3 aut\u00f2ctona de roure i alzina, etc&#8230; properament s\u2019introduir\u00e0 l\u2019esquirol al parc.Tamb\u00e9 disposa d\u2019un \u00e0rea de jocs infantils, zona de barbacoes per dinar a l\u2019aire lliure i minigolf. A l\u2019estiu poden gaudir de les piscines, amb un tobogan i servei de ... Llegiu m\u00e9s","og_url":"https:\/\/sucs.paeria.cat\/web\/informacio-sobre-el-parc-i-les-piscines\/","og_site_name":"Entitat Municipal Descentralitzada de Sucs - La Paeria - Ajuntament de Lleida","article_modified_time":"2023-06-08T11:35:14+00:00","og_image":[{"url":"https:\/\/sucs.paeria.cat\/web\/wp-content\/uploads\/2022\/02\/320db2f454ef3feda1ea96b6af517c23-150x150.jpg","type":"","width":"","height":""}],"twitter_card":"summary_large_image","twitter_misc":{"Temps estimat de lectura":"4 minuts"},"schema":{"@context":"https:\/\/schema.org","@graph":[{"@type":"WebPage","@id":"https:\/\/sucs.paeria.cat\/web\/informacio-sobre-el-parc-i-les-piscines\/","url":"https:\/\/sucs.paeria.cat\/web\/informacio-sobre-el-parc-i-les-piscines\/","name":"Informaci\u00f3 sobre el Parc i les Piscines - Entitat Municipal Descentralitzada de Sucs - La Paeria - Ajuntament de Lleida","isPartOf":{"@id":"https:\/\/sucs.paeria.cat\/web\/#website"},"primaryImageOfPage":{"@id":"https:\/\/sucs.paeria.cat\/web\/informacio-sobre-el-parc-i-les-piscines\/#primaryimage"},"image":{"@id":"https:\/\/sucs.paeria.cat\/web\/informacio-sobre-el-parc-i-les-piscines\/#primaryimage"},"thumbnailUrl":"https:\/\/sucs.paeria.cat\/web\/wp-content\/uploads\/2022\/02\/320db2f454ef3feda1ea96b6af517c23-150x150.jpg","datePublished":"2021-12-10T13:29:19+00:00","dateModified":"2023-06-08T11:35:14+00:00","breadcrumb":{"@id":"https:\/\/sucs.paeria.cat\/web\/informacio-sobre-el-parc-i-les-piscines\/#breadcrumb"},"inLanguage":"ca","potentialAction":[{"@type":"ReadAction","target":["https:\/\/sucs.paeria.cat\/web\/informacio-sobre-el-parc-i-les-piscines\/"]}]},{"@type":"ImageObject","inLanguage":"ca","@id":"https:\/\/sucs.paeria.cat\/web\/informacio-sobre-el-parc-i-les-piscines\/#primaryimage","url":"https:\/\/sucs.paeria.cat\/web\/wp-content\/uploads\/2022\/02\/320db2f454ef3feda1ea96b6af517c23.jpg","contentUrl":"https:\/\/sucs.paeria.cat\/web\/wp-content\/uploads\/2022\/02\/320db2f454ef3feda1ea96b6af517c23.jpg","width":480,"height":640,"caption":"Piscina esportiva de Sucs"},{"@type":"BreadcrumbList","@id":"https:\/\/sucs.paeria.cat\/web\/informacio-sobre-el-parc-i-les-piscines\/#breadcrumb","itemListElement":[{"@type":"ListItem","position":1,"name":"Inici","item":"https:\/\/sucs.paeria.cat\/web\/"},{"@type":"ListItem","position":2,"name":"Informaci\u00f3 sobre el Parc i les Piscines"}]},{"@type":"WebSite","@id":"https:\/\/sucs.paeria.cat\/web\/#website","url":"https:\/\/sucs.paeria.cat\/web\/","name":"Entitat Municipal Descentralitzada de Sucs - La Paeria - Ajuntament de Lleida","description":"Entitat Municipal Descentralitzada de Sucs","publisher":{"@id":"https:\/\/sucs.paeria.cat\/web\/#organization"},"potentialAction":[{"@type":"SearchAction","target":{"@type":"EntryPoint","urlTemplate":"https:\/\/sucs.paeria.cat\/web\/?s={search_term_string}"},"query-input":{"@type":"PropertyValueSpecification","valueRequired":true,"valueName":"search_term_string"}}],"inLanguage":"ca"},{"@type":"Organization","@id":"https:\/\/sucs.paeria.cat\/web\/#organization","name":"Ajuntament de Lleida","url":"https:\/\/sucs.paeria.cat\/web\/","logo":{"@type":"ImageObject","inLanguage":"ca","@id":"https:\/\/sucs.paeria.cat\/web\/#\/schema\/logo\/image\/","url":"https:\/\/sucs.paeria.cat\/web\/wp-content\/uploads\/2021\/11\/cropped-capcalera-sucs_versio-escut-sucs.png","contentUrl":"https:\/\/sucs.paeria.cat\/web\/wp-content\/uploads\/2021\/11\/cropped-capcalera-sucs_versio-escut-sucs.png","width":1100,"height":220,"caption":"Ajuntament de Lleida"},"image":{"@id":"https:\/\/sucs.paeria.cat\/web\/#\/schema\/logo\/image\/"}}]}},"_links":{"self":[{"href":"https:\/\/sucs.paeria.cat\/web\/wp-json\/wp\/v2\/pages\/1731","targetHints":{"allow":["GET"]}}],"collection":[{"href":"https:\/\/sucs.paeria.cat\/web\/wp-json\/wp\/v2\/pages"}],"about":[{"href":"https:\/\/sucs.paeria.cat\/web\/wp-json\/wp\/v2\/types\/page"}],"author":[{"embeddable":true,"href":"https:\/\/sucs.paeria.cat\/web\/wp-json\/wp\/v2\/users\/7"}],"replies":[{"embeddable":true,"href":"https:\/\/sucs.paeria.cat\/web\/wp-json\/wp\/v2\/comments?post=1731"}],"version-history":[{"count":22,"href":"https:\/\/sucs.paeria.cat\/web\/wp-json\/wp\/v2\/pages\/1731\/revisions"}],"predecessor-version":[{"id":2067,"href":"https:\/\/sucs.paeria.cat\/web\/wp-json\/wp\/v2\/pages\/1731\/revisions\/2067"}],"wp:attachment":[{"href":"https:\/\/sucs.paeria.cat\/web\/wp-json\/wp\/v2\/media?parent=1731"}],"curies":[{"name":"wp","href":"https:\/\/api.w.org\/{rel}","templated":true}]}}