{"id":666,"date":"2020-12-24T10:03:44","date_gmt":"2020-12-24T08:03:44","guid":{"rendered":"https:\/\/sucs.paeria.cat\/web\/?page_id=666"},"modified":"2024-07-25T10:33:09","modified_gmt":"2024-07-25T08:33:09","slug":"contacta","status":"publish","type":"page","link":"https:\/\/sucs.paeria.cat\/web\/contacta\/","title":{"rendered":"Contacta"},"content":{"rendered":"\t\t<div data-elementor-type=\"wp-page\" data-elementor-id=\"666\" class=\"elementor elementor-666\">\n\t\t\t\t\t\t<section class=\"elementor-section elementor-top-section elementor-element elementor-element-24860ba elementor-section-boxed elementor-section-height-default elementor-section-height-default\" data-id=\"24860ba\" data-element_type=\"section\" data-e-type=\"section\">\n\t\t\t\t\t\t<div class=\"elementor-container elementor-column-gap-default\">\n\t\t\t\t\t<div class=\"elementor-column elementor-col-100 elementor-top-column elementor-element elementor-element-8d4a505\" data-id=\"8d4a505\" data-element_type=\"column\" data-e-type=\"column\">\n\t\t\t<div class=\"elementor-widget-wrap elementor-element-populated\">\n\t\t\t\t\t\t<div class=\"elementor-element elementor-element-f5ff2cb elementor-widget elementor-widget-text-editor\" data-id=\"f5ff2cb\" data-element_type=\"widget\" data-e-type=\"widget\" data-widget_type=\"text-editor.default\">\n\t\t\t\t<div class=\"elementor-widget-container\">\n\t\t\t\t\t\t\t\t\t<p><a href=\"https:\/\/goo.gl\/maps\/PAoLEEv4Pa6JR6X29\" target=\"_blank\" rel=\"noopener\">Pla\u00e7a Major, 1<br \/>25113 Sucs<\/a><\/p><p><a href=\"mailto:ajuntament@sucs.cat\">ajuntament@sucs.cat<\/a><br \/>Tel\u00e8fon <a href=\"tel:+34973748195\">973 748 195<\/a><\/p>\t\t\t\t\t\t\t\t<\/div>\n\t\t\t\t<\/div>\n\t\t\t\t\t<\/div>\n\t\t<\/div>\n\t\t\t\t\t<\/div>\n\t\t<\/section>\n\t\t\t\t<section class=\"elementor-section elementor-top-section elementor-element elementor-element-5bd5716 elementor-section-boxed elementor-section-height-default elementor-section-height-default\" data-id=\"5bd5716\" data-element_type=\"section\" data-e-type=\"section\">\n\t\t\t\t\t\t<div class=\"elementor-container elementor-column-gap-default\">\n\t\t\t\t\t<div class=\"elementor-column elementor-col-100 elementor-top-column elementor-element elementor-element-8d7287c\" data-id=\"8d7287c\" data-element_type=\"column\" data-e-type=\"column\">\n\t\t\t<div class=\"elementor-widget-wrap elementor-element-populated\">\n\t\t\t\t\t\t<div class=\"elementor-element elementor-element-6970df7 elementor-widget elementor-widget-spacer\" data-id=\"6970df7\" data-element_type=\"widget\" data-e-type=\"widget\" data-widget_type=\"spacer.default\">\n\t\t\t\t<div class=\"elementor-widget-container\">\n\t\t\t\t\t\t\t<div class=\"elementor-spacer\">\n\t\t\t<div class=\"elementor-spacer-inner\"><\/div>\n\t\t<\/div>\n\t\t\t\t\t\t<\/div>\n\t\t\t\t<\/div>\n\t\t\t\t\t<\/div>\n\t\t<\/div>\n\t\t\t\t\t<\/div>\n\t\t<\/section>\n\t\t\t\t<section class=\"elementor-section elementor-top-section elementor-element elementor-element-640158f elementor-section-boxed elementor-section-height-default elementor-section-height-default\" data-id=\"640158f\" data-element_type=\"section\" data-e-type=\"section\">\n\t\t\t\t\t\t<div class=\"elementor-container elementor-column-gap-default\">\n\t\t\t\t\t<div class=\"elementor-column elementor-col-100 elementor-top-column elementor-element elementor-element-e9d83c3\" data-id=\"e9d83c3\" data-element_type=\"column\" data-e-type=\"column\">\n\t\t\t<div class=\"elementor-widget-wrap elementor-element-populated\">\n\t\t\t\t\t\t<div class=\"elementor-element elementor-element-885ba00 elementor-widget elementor-widget-google_maps\" data-id=\"885ba00\" data-element_type=\"widget\" data-e-type=\"widget\" data-widget_type=\"google_maps.default\">\n\t\t\t\t<div class=\"elementor-widget-container\">\n\t\t\t\t\t\t\t<div class=\"elementor-custom-embed\">\n\t\t\t<iframe loading=\"lazy\"\n\t\t\t\t\tsrc=\"https:\/\/maps.google.com\/maps?q=Pla%C3%A7a%20Major%2C%201%2C%20Sucs&#038;t=m&#038;z=18&#038;output=embed&#038;iwloc=near\"\n\t\t\t\t\ttitle=\"Pla\u00e7a Major, 1, Sucs\"\n\t\t\t\t\taria-label=\"Pla\u00e7a Major, 1, Sucs\"\n\t\t\t><\/iframe>\n\t\t<\/div>\n\t\t\t\t\t\t<\/div>\n\t\t\t\t<\/div>\n\t\t\t\t\t<\/div>\n\t\t<\/div>\n\t\t\t\t\t<\/div>\n\t\t<\/section>\n\t\t\t\t<section class=\"elementor-section elementor-top-section elementor-element elementor-element-5772238 elementor-section-boxed elementor-section-height-default elementor-section-height-default\" data-id=\"5772238\" data-element_type=\"section\" data-e-type=\"section\">\n\t\t\t\t\t\t<div class=\"elementor-container elementor-column-gap-default\">\n\t\t\t\t\t<div class=\"elementor-column elementor-col-100 elementor-top-column elementor-element elementor-element-3f00af4\" data-id=\"3f00af4\" data-element_type=\"column\" data-e-type=\"column\">\n\t\t\t<div class=\"elementor-widget-wrap elementor-element-populated\">\n\t\t\t\t\t\t<div class=\"elementor-element elementor-element-03f864d elementor-widget elementor-widget-spacer\" data-id=\"03f864d\" data-element_type=\"widget\" data-e-type=\"widget\" data-widget_type=\"spacer.default\">\n\t\t\t\t<div class=\"elementor-widget-container\">\n\t\t\t\t\t\t\t<div class=\"elementor-spacer\">\n\t\t\t<div class=\"elementor-spacer-inner\"><\/div>\n\t\t<\/div>\n\t\t\t\t\t\t<\/div>\n\t\t\t\t<\/div>\n\t\t\t\t\t<\/div>\n\t\t<\/div>\n\t\t\t\t\t<\/div>\n\t\t<\/section>\n\t\t\t\t<section class=\"elementor-section elementor-top-section elementor-element elementor-element-0135683 elementor-section-boxed elementor-section-height-default elementor-section-height-default\" data-id=\"0135683\" data-element_type=\"section\" data-e-type=\"section\">\n\t\t\t\t\t\t<div class=\"elementor-container elementor-column-gap-default\">\n\t\t\t\t\t<div class=\"elementor-column elementor-col-100 elementor-top-column elementor-element elementor-element-b769751\" data-id=\"b769751\" data-element_type=\"column\" data-e-type=\"column\">\n\t\t\t<div class=\"elementor-widget-wrap elementor-element-populated\">\n\t\t\t\t\t\t<div class=\"elementor-element elementor-element-4cefc7f elementor-widget elementor-widget-heading\" data-id=\"4cefc7f\" data-element_type=\"widget\" data-e-type=\"widget\" data-widget_type=\"heading.default\">\n\t\t\t\t<div class=\"elementor-widget-container\">\n\t\t\t\t\t<h2 class=\"elementor-heading-title elementor-size-default\">Formulari de contacte<\/h2>\t\t\t\t<\/div>\n\t\t\t\t<\/div>\n\t\t\t\t\t<\/div>\n\t\t<\/div>\n\t\t\t\t\t<\/div>\n\t\t<\/section>\n\t\t\t\t<section class=\"elementor-section elementor-top-section elementor-element elementor-element-d4f03a3 elementor-section-boxed elementor-section-height-default elementor-section-height-default\" data-id=\"d4f03a3\" data-element_type=\"section\" data-e-type=\"section\">\n\t\t\t\t\t\t<div class=\"elementor-container elementor-column-gap-default\">\n\t\t\t\t\t<div class=\"elementor-column elementor-col-100 elementor-top-column elementor-element elementor-element-f14713d\" data-id=\"f14713d\" data-element_type=\"column\" data-e-type=\"column\">\n\t\t\t<div class=\"elementor-widget-wrap elementor-element-populated\">\n\t\t\t\t\t\t<div class=\"elementor-element elementor-element-8912055 elementor-widget elementor-widget-shortcode\" data-id=\"8912055\" data-element_type=\"widget\" data-e-type=\"widget\" data-widget_type=\"shortcode.default\">\n\t\t\t\t<div class=\"elementor-widget-container\">\n\t\t\t\t\t\t\t<div class=\"elementor-shortcode\">\n<div class=\"wpcf7 no-js\" id=\"wpcf7-f1700-o1\" lang=\"ca\" dir=\"ltr\" data-wpcf7-id=\"1700\">\n<div class=\"screen-reader-response\"><p role=\"status\" aria-live=\"polite\" aria-atomic=\"true\"><\/p> <ul><\/ul><\/div>\n<form action=\"\/web\/wp-json\/wp\/v2\/pages\/666#wpcf7-f1700-o1\" method=\"post\" class=\"wpcf7-form init\" aria-label=\"Formulari de contacte\" novalidate=\"novalidate\" data-status=\"init\">\n<fieldset class=\"hidden-fields-container\"><input type=\"hidden\" name=\"_wpcf7\" value=\"1700\" \/><input type=\"hidden\" name=\"_wpcf7_version\" value=\"6.1.5\" \/><input type=\"hidden\" name=\"_wpcf7_locale\" value=\"ca\" \/><input type=\"hidden\" name=\"_wpcf7_unit_tag\" value=\"wpcf7-f1700-o1\" \/><input type=\"hidden\" name=\"_wpcf7_container_post\" value=\"0\" \/><input type=\"hidden\" name=\"_wpcf7_posted_data_hash\" value=\"\" \/>\n<\/fieldset>\n<p><label> Nom i cognoms<br \/>\n<span class=\"wpcf7-form-control-wrap\" data-name=\"your-name\"><input size=\"40\" maxlength=\"400\" class=\"wpcf7-form-control wpcf7-text wpcf7-validates-as-required\" aria-required=\"true\" aria-invalid=\"false\" value=\"\" type=\"text\" name=\"your-name\" \/><\/span> <\/label>\n<\/p>\n<p><label> Correu electr\u00f2nic<br \/>\n<span class=\"wpcf7-form-control-wrap\" data-name=\"your-email\"><input size=\"40\" maxlength=\"400\" class=\"wpcf7-form-control wpcf7-email wpcf7-validates-as-required wpcf7-text wpcf7-validates-as-email\" aria-required=\"true\" aria-invalid=\"false\" value=\"\" type=\"email\" name=\"your-email\" \/><\/span> <\/label>\n<\/p>\n<p><label> Tel\u00e8fon<br \/>\n<span class=\"wpcf7-form-control-wrap\" data-name=\"your-telefon\"><input size=\"40\" maxlength=\"400\" class=\"wpcf7-form-control wpcf7-text wpcf7-validates-as-required\" aria-required=\"true\" aria-invalid=\"false\" value=\"\" type=\"text\" name=\"your-telefon\" \/><\/span> <\/label>\n<\/p>\n<p><label> Missatge<br \/>\n<span class=\"wpcf7-form-control-wrap\" data-name=\"your-message\"><textarea cols=\"40\" rows=\"10\" maxlength=\"2000\" class=\"wpcf7-form-control wpcf7-textarea wpcf7-validates-as-required\" aria-required=\"true\" aria-invalid=\"false\" name=\"your-message\"><\/textarea><\/span> <\/label>\n<\/p>\n<div class=\"textLegal\">\n\t<p><strong>Informaci\u00f3 b\u00e0sica sobre protecci\u00f3 de dades<\/strong>\n\t<\/p>\n\t<p>Les dades recollides s\u2019incorporaran i tractaran en l\u2019activitat de tractament Contacte web Ajuntament de Lleida, responsabilitat de l\u2019Ajuntament de Lleida, situat a la pla\u00e7a Paeria, n\u00fam. 1, 25007-Lleida, davant de qui les persones afectades podran exercir els seus drets. La finalitat del tractament \u00e9s l\u2019atenci\u00f3 a les consultes enviades a trav\u00e9s de qualsevol dels formularis de contacte dels webs municipals. El tractament de dades queda legitimat amb el consentiment de la persona interessada (art. 6.1.a RGPD). Les dades personals no es comunicaran a tercers, llevat dels sup\u00f2sits previstos expressament en l\u2019ordenament jur\u00eddic. Teniu dret a accedir a les dades, rectificar-les, suprimir-les, sol\u00b7licitar-ne la portabilitat, oposar-vos al tractament i sol\u00b7licitar-ne la limitaci\u00f3. Correu electr\u00f2nic de contacte del Delegat de Protecci\u00f3 de Dades: <a href=\"mailto:dpd@paeria.cat\" title=\"dpd@paeria.cat\">dpd@paeria.cat<\/a>. INFORMACI\u00d3 DETALLADA en aquest enlla\u00e7:\n\t<\/p>\n\t<p><a href=\"https:\/\/www.paeria.cat\/protecciodades\/ajuntament\/contacte\/ca\" target=\"_blank\" title=\"Informaci\u00f3 detallada de la protecci\u00f3 de dades\">www.paeria.cat\/protecciodades\/ajuntament\/contacte\/ca<\/a>\n\t<\/p>\n\t<p><span class=\"wpcf7-form-control-wrap\" data-name=\"acceptance-366\"><span class=\"wpcf7-form-control wpcf7-acceptance\"><span class=\"wpcf7-list-item\"><label><input type=\"checkbox\" name=\"acceptance-366\" value=\"1\" aria-invalid=\"false\" \/><span class=\"wpcf7-list-item-label\">He llegit la informaci\u00f3 b\u00e0sica sobre protecci\u00f3 de dades i autoritzo el tractament de les meves dades personals<\/span><\/label><\/span><\/span><\/span>\n\t<\/p>\n<\/div>\n<p><input class=\"wpcf7-form-control wpcf7-submit has-spinner\" type=\"submit\" value=\"Envia\" \/>\n<\/p><div class=\"wpcf7-response-output\" aria-hidden=\"true\"><\/div>\n<\/form>\n<\/div>\n<\/div>\n\t\t\t\t\t\t<\/div>\n\t\t\t\t<\/div>\n\t\t\t\t\t<\/div>\n\t\t<\/div>\n\t\t\t\t\t<\/div>\n\t\t<\/section>\n\t\t\t\t<\/div>\n\t\t","protected":false},"excerpt":{"rendered":"<p>Pla\u00e7a Major, 125113 Sucs ajuntament@sucs.catTel\u00e8fon 973 748 195 Formulari de contacte<\/p>\n","protected":false},"author":7,"featured_media":0,"parent":0,"menu_order":0,"comment_status":"closed","ping_status":"closed","template":"","meta":{"_sitemap_exclude":false,"_sitemap_priority":"","_sitemap_frequency":"","footnotes":""},"class_list":["post-666","page","type-page","status-publish"],"yoast_head":"<!-- This site is optimized with the Yoast SEO plugin v27.2 - https:\/\/yoast.com\/product\/yoast-seo-wordpress\/ -->\n<title>Contacta - Entitat Municipal Descentralitzada de Sucs - La Paeria - Ajuntament de Lleida<\/title>\n<meta name=\"robots\" content=\"index, follow, max-snippet:-1, max-image-preview:large, max-video-preview:-1\" \/>\n<link rel=\"canonical\" href=\"https:\/\/sucs.paeria.cat\/web\/contacta\/\" \/>\n<meta property=\"og:locale\" content=\"ca_ES\" \/>\n<meta property=\"og:type\" content=\"article\" \/>\n<meta property=\"og:title\" content=\"Contacta - Entitat Municipal Descentralitzada de Sucs - La Paeria - Ajuntament de Lleida\" \/>\n<meta property=\"og:description\" content=\"Pla\u00e7a Major, 125113 Sucs ajuntament@sucs.catTel\u00e8fon 973 748 195 Formulari de contacte\" \/>\n<meta property=\"og:url\" content=\"https:\/\/sucs.paeria.cat\/web\/contacta\/\" \/>\n<meta property=\"og:site_name\" content=\"Entitat Municipal Descentralitzada de Sucs - La Paeria - Ajuntament de Lleida\" \/>\n<meta property=\"article:modified_time\" content=\"2024-07-25T08:33:09+00:00\" \/>\n<meta name=\"twitter:card\" content=\"summary_large_image\" \/>\n<meta name=\"twitter:label1\" content=\"Temps estimat de lectura\" \/>\n\t<meta name=\"twitter:data1\" content=\"1 minut\" \/>\n<script type=\"application\/ld+json\" class=\"yoast-schema-graph\">{\"@context\":\"https:\/\/schema.org\",\"@graph\":[{\"@type\":\"WebPage\",\"@id\":\"https:\/\/sucs.paeria.cat\/web\/contacta\/\",\"url\":\"https:\/\/sucs.paeria.cat\/web\/contacta\/\",\"name\":\"Contacta - Entitat Municipal Descentralitzada de Sucs - La Paeria - Ajuntament de Lleida\",\"isPartOf\":{\"@id\":\"https:\/\/sucs.paeria.cat\/web\/#website\"},\"datePublished\":\"2020-12-24T08:03:44+00:00\",\"dateModified\":\"2024-07-25T08:33:09+00:00\",\"breadcrumb\":{\"@id\":\"https:\/\/sucs.paeria.cat\/web\/contacta\/#breadcrumb\"},\"inLanguage\":\"ca\",\"potentialAction\":[{\"@type\":\"ReadAction\",\"target\":[\"https:\/\/sucs.paeria.cat\/web\/contacta\/\"]}]},{\"@type\":\"BreadcrumbList\",\"@id\":\"https:\/\/sucs.paeria.cat\/web\/contacta\/#breadcrumb\",\"itemListElement\":[{\"@type\":\"ListItem\",\"position\":1,\"name\":\"Inici\",\"item\":\"https:\/\/sucs.paeria.cat\/web\/\"},{\"@type\":\"ListItem\",\"position\":2,\"name\":\"Contacta\"}]},{\"@type\":\"WebSite\",\"@id\":\"https:\/\/sucs.paeria.cat\/web\/#website\",\"url\":\"https:\/\/sucs.paeria.cat\/web\/\",\"name\":\"Entitat Municipal Descentralitzada de Sucs - La Paeria - Ajuntament de Lleida\",\"description\":\"Entitat Municipal Descentralitzada de Sucs\",\"publisher\":{\"@id\":\"https:\/\/sucs.paeria.cat\/web\/#organization\"},\"potentialAction\":[{\"@type\":\"SearchAction\",\"target\":{\"@type\":\"EntryPoint\",\"urlTemplate\":\"https:\/\/sucs.paeria.cat\/web\/?s={search_term_string}\"},\"query-input\":{\"@type\":\"PropertyValueSpecification\",\"valueRequired\":true,\"valueName\":\"search_term_string\"}}],\"inLanguage\":\"ca\"},{\"@type\":\"Organization\",\"@id\":\"https:\/\/sucs.paeria.cat\/web\/#organization\",\"name\":\"Ajuntament de Lleida\",\"url\":\"https:\/\/sucs.paeria.cat\/web\/\",\"logo\":{\"@type\":\"ImageObject\",\"inLanguage\":\"ca\",\"@id\":\"https:\/\/sucs.paeria.cat\/web\/#\/schema\/logo\/image\/\",\"url\":\"https:\/\/sucs.paeria.cat\/web\/wp-content\/uploads\/2021\/11\/cropped-capcalera-sucs_versio-escut-sucs.png\",\"contentUrl\":\"https:\/\/sucs.paeria.cat\/web\/wp-content\/uploads\/2021\/11\/cropped-capcalera-sucs_versio-escut-sucs.png\",\"width\":1100,\"height\":220,\"caption\":\"Ajuntament de Lleida\"},\"image\":{\"@id\":\"https:\/\/sucs.paeria.cat\/web\/#\/schema\/logo\/image\/\"}}]}<\/script>\n<!-- \/ Yoast SEO plugin. -->","yoast_head_json":{"title":"Contacta - Entitat Municipal Descentralitzada de Sucs - La Paeria - Ajuntament de Lleida","robots":{"index":"index","follow":"follow","max-snippet":"max-snippet:-1","max-image-preview":"max-image-preview:large","max-video-preview":"max-video-preview:-1"},"canonical":"https:\/\/sucs.paeria.cat\/web\/contacta\/","og_locale":"ca_ES","og_type":"article","og_title":"Contacta - Entitat Municipal Descentralitzada de Sucs - La Paeria - Ajuntament de Lleida","og_description":"Pla\u00e7a Major, 125113 Sucs ajuntament@sucs.catTel\u00e8fon 973 748 195 Formulari de contacte","og_url":"https:\/\/sucs.paeria.cat\/web\/contacta\/","og_site_name":"Entitat Municipal Descentralitzada de Sucs - La Paeria - Ajuntament de Lleida","article_modified_time":"2024-07-25T08:33:09+00:00","twitter_card":"summary_large_image","twitter_misc":{"Temps estimat de lectura":"1 minut"},"schema":{"@context":"https:\/\/schema.org","@graph":[{"@type":"WebPage","@id":"https:\/\/sucs.paeria.cat\/web\/contacta\/","url":"https:\/\/sucs.paeria.cat\/web\/contacta\/","name":"Contacta - Entitat Municipal Descentralitzada de Sucs - La Paeria - Ajuntament de Lleida","isPartOf":{"@id":"https:\/\/sucs.paeria.cat\/web\/#website"},"datePublished":"2020-12-24T08:03:44+00:00","dateModified":"2024-07-25T08:33:09+00:00","breadcrumb":{"@id":"https:\/\/sucs.paeria.cat\/web\/contacta\/#breadcrumb"},"inLanguage":"ca","potentialAction":[{"@type":"ReadAction","target":["https:\/\/sucs.paeria.cat\/web\/contacta\/"]}]},{"@type":"BreadcrumbList","@id":"https:\/\/sucs.paeria.cat\/web\/contacta\/#breadcrumb","itemListElement":[{"@type":"ListItem","position":1,"name":"Inici","item":"https:\/\/sucs.paeria.cat\/web\/"},{"@type":"ListItem","position":2,"name":"Contacta"}]},{"@type":"WebSite","@id":"https:\/\/sucs.paeria.cat\/web\/#website","url":"https:\/\/sucs.paeria.cat\/web\/","name":"Entitat Municipal Descentralitzada de Sucs - La Paeria - Ajuntament de Lleida","description":"Entitat Municipal Descentralitzada de Sucs","publisher":{"@id":"https:\/\/sucs.paeria.cat\/web\/#organization"},"potentialAction":[{"@type":"SearchAction","target":{"@type":"EntryPoint","urlTemplate":"https:\/\/sucs.paeria.cat\/web\/?s={search_term_string}"},"query-input":{"@type":"PropertyValueSpecification","valueRequired":true,"valueName":"search_term_string"}}],"inLanguage":"ca"},{"@type":"Organization","@id":"https:\/\/sucs.paeria.cat\/web\/#organization","name":"Ajuntament de Lleida","url":"https:\/\/sucs.paeria.cat\/web\/","logo":{"@type":"ImageObject","inLanguage":"ca","@id":"https:\/\/sucs.paeria.cat\/web\/#\/schema\/logo\/image\/","url":"https:\/\/sucs.paeria.cat\/web\/wp-content\/uploads\/2021\/11\/cropped-capcalera-sucs_versio-escut-sucs.png","contentUrl":"https:\/\/sucs.paeria.cat\/web\/wp-content\/uploads\/2021\/11\/cropped-capcalera-sucs_versio-escut-sucs.png","width":1100,"height":220,"caption":"Ajuntament de Lleida"},"image":{"@id":"https:\/\/sucs.paeria.cat\/web\/#\/schema\/logo\/image\/"}}]}},"_links":{"self":[{"href":"https:\/\/sucs.paeria.cat\/web\/wp-json\/wp\/v2\/pages\/666","targetHints":{"allow":["GET"]}}],"collection":[{"href":"https:\/\/sucs.paeria.cat\/web\/wp-json\/wp\/v2\/pages"}],"about":[{"href":"https:\/\/sucs.paeria.cat\/web\/wp-json\/wp\/v2\/types\/page"}],"author":[{"embeddable":true,"href":"https:\/\/sucs.paeria.cat\/web\/wp-json\/wp\/v2\/users\/7"}],"replies":[{"embeddable":true,"href":"https:\/\/sucs.paeria.cat\/web\/wp-json\/wp\/v2\/comments?post=666"}],"version-history":[{"count":60,"href":"https:\/\/sucs.paeria.cat\/web\/wp-json\/wp\/v2\/pages\/666\/revisions"}],"predecessor-version":[{"id":2285,"href":"https:\/\/sucs.paeria.cat\/web\/wp-json\/wp\/v2\/pages\/666\/revisions\/2285"}],"wp:attachment":[{"href":"https:\/\/sucs.paeria.cat\/web\/wp-json\/wp\/v2\/media?parent=666"}],"curies":[{"name":"wp","href":"https:\/\/api.w.org\/{rel}","templated":true}]}}